{"id":259,"date":"2015-04-09T09:53:13","date_gmt":"2015-04-09T09:53:13","guid":{"rendered":"http:\/\/maquinaria-para-la-madera.com\/tobe\/?page_id=49"},"modified":"2024-04-19T10:43:34","modified_gmt":"2024-04-19T10:43:34","slug":"spraying-nozzles-type-j","status":"publish","type":"page","link":"https:\/\/tobesl.com\/eng\/spraying-nozzles-type-j\/","title":{"rendered":"Boquillas de aspersi\u00f3n TIPO J"},"content":{"rendered":"<p>[et_pb_section fb_built=&#8221;1&#8243; fullwidth=&#8221;on&#8221; _builder_version=&#8221;4.24.3&#8243; background_color=&#8221;#ffffff&#8221; background_image=&#8221;https:\/\/tobesl.com\/eng\/wp-content\/uploads\/2015\/06\/agua2.jpg&#8221; hover_enabled=&#8221;0&#8243; transparent_background=&#8221;off&#8221; global_colors_info=&#8221;{}&#8221; custom_margin=&#8221;50px||||false|false&#8221; sticky_enabled=&#8221;0&#8243;][et_pb_fullwidth_menu menu_id=&#8221;5&#8243; admin_label=&#8221;Fullwidth Menu&#8221; _builder_version=&#8221;4.16&#8243; background_color=&#8221;#0047b3&#8243; text_orientation=&#8221;center&#8221; background_layout=&#8221;dark&#8221; global_colors_info=&#8221;{}&#8221;][\/et_pb_fullwidth_menu][et_pb_fullwidth_header title=&#8221;SPRAYING NOZZLES TYPE J&#8221; content_max_width=&#8221;none&#8221; admin_label=&#8221;Fullwidth Header&#8221; _builder_version=&#8221;4.16&#8243; background_color=&#8221;rgba(255, 255, 255, 0)&#8221; background_layout=&#8221;light&#8221; global_colors_info=&#8221;{}&#8221; button_one_text_size__hover_enabled=&#8221;off&#8221; button_two_text_size__hover_enabled=&#8221;off&#8221; button_one_text_color__hover_enabled=&#8221;off&#8221; button_two_text_color__hover_enabled=&#8221;off&#8221; button_one_border_width__hover_enabled=&#8221;off&#8221; button_two_border_width__hover_enabled=&#8221;off&#8221; button_one_border_color__hover_enabled=&#8221;off&#8221; button_two_border_color__hover_enabled=&#8221;off&#8221; button_one_border_radius__hover_enabled=&#8221;off&#8221; button_two_border_radius__hover_enabled=&#8221;off&#8221; button_one_letter_spacing__hover_enabled=&#8221;off&#8221; button_two_letter_spacing__hover_enabled=&#8221;off&#8221; button_one_bg_color__hover_enabled=&#8221;off&#8221; button_two_bg_color__hover_enabled=&#8221;off&#8221;][\/et_pb_fullwidth_header][\/et_pb_section][et_pb_section fb_built=&#8221;1&#8243; _builder_version=&#8221;4.16&#8243; background_color=&#8221;#ffffff&#8221; transparent_background=&#8221;off&#8221; global_colors_info=&#8221;{}&#8221;][et_pb_row _builder_version=&#8221;4.16&#8243; background_size=&#8221;initial&#8221; background_position=&#8221;top_left&#8221; background_repeat=&#8221;repeat&#8221; global_colors_info=&#8221;{}&#8221;][et_pb_column type=&#8221;4_4&#8243; _builder_version=&#8221;4.16&#8243; custom_padding=&#8221;|||&#8221; global_colors_info=&#8221;{}&#8221; custom_padding__hover=&#8221;|||&#8221;][et_pb_text admin_label=&#8221;Text&#8221; _builder_version=&#8221;4.16&#8243; background_size=&#8221;initial&#8221; background_position=&#8221;top_left&#8221; background_repeat=&#8221;repeat&#8221; global_colors_info=&#8221;{}&#8221;]<\/p>\n<h2><strong>Full cone nozzles, for systems of continuos straining usage.<\/strong><img loading=\"lazy\" decoding=\"async\" class=\"alignnone wp-image-33\" src=\"https:\/\/tobesl.com\/eng\/wp-content\/uploads\/2015\/03\/barrita-300x1.jpg\" alt=\"barrita\" width=\"1200\" height=\"3\" data-id=\"33\" \/><\/h2>\n<p>[ezcol_1third]<a href=\"https:\/\/tobesl.com\/eng\/wp-content\/uploads\/2015\/04\/TIPO-J-FOTO-1.jpg\"><img loading=\"lazy\" decoding=\"async\" class=\" wp-image-50 alignleft\" src=\"https:\/\/tobesl.com\/eng\/wp-content\/uploads\/2015\/04\/TIPO-J-FOTO-1-300x159.jpg\" alt=\"TIPO-J-FOTO-1\" width=\"361\" height=\"191\" data-id=\"50\" \/><\/a>[\/ezcol_1third] [ezcol_2third_end] The reference is composed of 2 numbers: the first one is 10 times the flow in standard pressure (2.8 bar) and the second one is the spraying angle. For the request of adapted products, the following specifications are needed:<\/p>\n<p>&nbsp;<\/p>\n<p>&nbsp;<\/p>\n<p>\u2022 Material<\/p>\n<p>\u2022 Pulverization angle<\/p>\n<p>\u2022 Kind of nozzle<\/p>\n<p>\u2022 Ring<\/p>\n<p>\u2022 Flow (1\/min or I\/h)<\/p>\n<p>\u2022 Work pressure<\/p>\n<p>The nominal flow is pulverizating water in normalconditions in an aerial way.<\/p>\n<p><strong><a href=\"https:\/\/tobesl.com\/eng\/wp-content\/uploads\/2015\/04\/type-j1.pdf\" target=\"_blank\" rel=\"noopener\">DOWNLOAD PDF FOR IMPRESSION<\/a><\/strong>[\/ezcol_2third_end]<\/p>\n<div style=\"float: left; width: 320px; text-align: right;\"><\/div>\n<div style=\"float: left; width: 320px; text-align: right;\"><\/div>\n<p>[\/et_pb_text][\/et_pb_column][\/et_pb_row][et_pb_row _builder_version=&#8221;4.16&#8243; background_size=&#8221;initial&#8221; background_position=&#8221;top_left&#8221; background_repeat=&#8221;repeat&#8221; global_colors_info=&#8221;{}&#8221; column_structure=&#8221;1_2,1_2&#8243;][et_pb_column type=&#8221;1_2&#8243; _builder_version=&#8221;4.16&#8243; custom_padding=&#8221;|||&#8221; global_colors_info=&#8221;{}&#8221; custom_padding__hover=&#8221;|||&#8221;][\/et_pb_column][et_pb_column type=&#8221;1_2&#8243; _builder_version=&#8221;4.16&#8243; custom_padding=&#8221;|||&#8221; global_colors_info=&#8221;{}&#8221; custom_padding__hover=&#8221;|||&#8221;][et_pb_image src=&#8221;https:\/\/tobesl.com\/eng\/wp-content\/uploads\/2015\/04\/j.jpg&#8221; show_bottom_space=&#8221;off&#8221; align_tablet=&#8221;center&#8221; align_last_edited=&#8221;on|desktop&#8221; admin_label=&#8221;Image&#8221; _builder_version=&#8221;4.16&#8243; animation_style=&#8221;slide&#8221; animation_direction=&#8221;left&#8221; animation_duration=&#8221;500ms&#8221; animation_intensity_slide=&#8221;10%&#8221; animation=&#8221;left&#8221; sticky=&#8221;on&#8221; global_colors_info=&#8221;{}&#8221; align_phone=&#8221;center&#8221;][\/et_pb_image][\/et_pb_column][\/et_pb_row][\/et_pb_section][et_pb_section fb_built=&#8221;1&#8243; _builder_version=&#8221;4.16&#8243; global_colors_info=&#8221;{}&#8221;][et_pb_row _builder_version=&#8221;4.16&#8243; background_size=&#8221;initial&#8221; background_position=&#8221;top_left&#8221; background_repeat=&#8221;repeat&#8221; global_colors_info=&#8221;{}&#8221;][et_pb_column type=&#8221;4_4&#8243; _builder_version=&#8221;4.16&#8243; custom_padding=&#8221;|||&#8221; global_colors_info=&#8221;{}&#8221; custom_padding__hover=&#8221;|||&#8221;][et_pb_text admin_label=&#8221;Text&#8221; _builder_version=&#8221;4.16&#8243; background_size=&#8221;initial&#8221; background_position=&#8221;top_left&#8221; background_repeat=&#8221;repeat&#8221; text_orientation=&#8221;center&#8221; module_alignment=&#8221;center&#8221; global_colors_info=&#8221;{}&#8221;]<\/p>\n<p style=\"text-align: center;\"><img loading=\"lazy\" decoding=\"async\" class=\"alignnone wp-image-514 size-full\" src=\"https:\/\/tobesl.com\/eng\/wp-content\/uploads\/2015\/04\/j11.jpg\" alt=\"\" width=\"700\" height=\"690\" srcset=\"https:\/\/tobesl.com\/eng\/wp-content\/uploads\/2015\/04\/j11.jpg 700w, https:\/\/tobesl.com\/eng\/wp-content\/uploads\/2015\/04\/j11-300x296.jpg 300w\" sizes=\"(max-width: 700px) 100vw, 700px\" \/><\/p>\n<p>[\/et_pb_text][\/et_pb_column][\/et_pb_row][\/et_pb_section]<\/p>\n","protected":false},"excerpt":{"rendered":"<p>Full cone nozzles, for systems of continuos straining usage. [ezcol_1third][\/ezcol_1third] [ezcol_2third_end] The reference is composed of 2 numbers: the first one is 10 times the flow in standard pressure (2.8 bar) and the second one is the spraying angle. For the request of adapted products, the following specifications are needed: &nbsp; &nbsp; \u2022 Material \u2022 [&hellip;]<\/p>\n","protected":false},"author":4,"featured_media":0,"parent":0,"menu_order":0,"comment_status":"closed","ping_status":"closed","template":"","meta":{"_et_pb_use_builder":"on","_et_pb_old_content":"<h2>Boquilla de aspersi\u00f3n de cono lleno, de uso en sistemas de colada continua.<a href=\"http:\/\/maquinaria-para-la-madera.com\/tobe1\/wp-content\/uploads\/2015\/03\/barrita.jpg\"><img class=\"alignnone  wp-image-33\" src=\"http:\/\/maquinaria-para-la-madera.com\/tobe1\/wp-content\/uploads\/2015\/03\/barrita-300x1.jpg\" alt=\"barrita\" width=\"1200\" height=\"3\" data-id=\"33\" \/><\/a><\/h2><p><a href=\"http:\/\/maquinaria-para-la-madera.com\/tobe1\/wp-content\/uploads\/2015\/04\/TIPO-J-FOTO-1.jpg\"><img class=\"  wp-image-50 alignleft\" src=\"http:\/\/maquinaria-para-la-madera.com\/tobe1\/wp-content\/uploads\/2015\/04\/TIPO-J-FOTO-1-300x159.jpg\" alt=\"TIPO-J-FOTO-1\" width=\"361\" height=\"191\" data-id=\"50\" \/><\/a><\/p><p>La referencia se compone de 2 n\u00fameros: el primero es 10 veces el caudal a presi\u00f3n est\u00e1ndar (2,8 bar), y el segundo es el \u00e1ngulo de aspersi\u00f3n.<\/p><p>Para solicitar productos adaptados a las necesidades del cliente necesitamos saber las especificaciones de la boquilla:<\/p><div style=\"float: left; width: 320px; text-align: right;\">\u2022 Material<br \/> \u2022 \u00c1ngulo de pulverizaci\u00f3n<br \/> \u2022 Tipo de boquilla<br \/> \u2022 Rosca<br \/> \u2022 Caudal (I\/min o I\/h)<br \/> \u2022 Presi\u00f3n de trabajo<\/div><div style=\"float: right; width: 420px;\"><a href=\"http:\/\/maquinaria-para-la-madera.com\/tobe1\/wp-content\/uploads\/2015\/04\/TIPO-J-FOTO-2.jpg\"><img class=\"alignnone wp-image-53 size-full\" src=\"http:\/\/maquinaria-para-la-madera.com\/tobe1\/wp-content\/uploads\/2015\/04\/TIPO-J-FOTO-2.jpg\" alt=\"TIPO-J-FOTO-2\" width=\"552\" height=\"285\" data-id=\"53\" \/><\/a><\/div><p>\u00a0<\/p><p>\u00a0<\/p><p>\u00a0<\/p><p>\u00a0<\/p><p>\u00a0<\/p><p>El caudal nominal es pulverizando agua a condiciones normales en medio a\u00e9reo.<\/p><p><a href=\"http:\/\/maquinaria-para-la-madera.com\/tobe1\/wp-content\/uploads\/2015\/04\/TIPO-J-FOTO-3.jpg\"><img class=\"alignnone wp-image-55 size-full\" src=\"http:\/\/maquinaria-para-la-madera.com\/tobe1\/wp-content\/uploads\/2015\/04\/TIPO-J-FOTO-3.jpg\" alt=\"TIPO-J-FOTO-3\" width=\"762\" height=\"831\" data-id=\"55\" \/><\/a><\/p>","_et_gb_content_width":"","footnotes":""},"class_list":["post-259","page","type-page","status-publish","hentry"],"_links":{"self":[{"href":"https:\/\/tobesl.com\/eng\/wp-json\/wp\/v2\/pages\/259","targetHints":{"allow":["GET"]}}],"collection":[{"href":"https:\/\/tobesl.com\/eng\/wp-json\/wp\/v2\/pages"}],"about":[{"href":"https:\/\/tobesl.com\/eng\/wp-json\/wp\/v2\/types\/page"}],"author":[{"embeddable":true,"href":"https:\/\/tobesl.com\/eng\/wp-json\/wp\/v2\/users\/4"}],"replies":[{"embeddable":true,"href":"https:\/\/tobesl.com\/eng\/wp-json\/wp\/v2\/comments?post=259"}],"version-history":[{"count":10,"href":"https:\/\/tobesl.com\/eng\/wp-json\/wp\/v2\/pages\/259\/revisions"}],"predecessor-version":[{"id":795,"href":"https:\/\/tobesl.com\/eng\/wp-json\/wp\/v2\/pages\/259\/revisions\/795"}],"wp:attachment":[{"href":"https:\/\/tobesl.com\/eng\/wp-json\/wp\/v2\/media?parent=259"}],"curies":[{"name":"wp","href":"https:\/\/api.w.org\/{rel}","templated":true}]}}