{"id":269,"date":"2015-04-21T08:11:50","date_gmt":"2015-04-21T08:11:50","guid":{"rendered":"http:\/\/maquinaria-para-la-madera.com\/tobe\/?page_id=176"},"modified":"2024-04-19T10:47:27","modified_gmt":"2024-04-19T10:47:27","slug":"spraying-nozzles-type-cm-38","status":"publish","type":"page","link":"http:\/\/tobesl.com\/eng\/spraying-nozzles-type-cm-38\/","title":{"rendered":"Boquillas para aspersi\u00f3n Tipo CM 3\/8&#8243;"},"content":{"rendered":"<p>[et_pb_section fb_built=&#8221;1&#8243; fullwidth=&#8221;on&#8221; _builder_version=&#8221;4.24.3&#8243; background_color=&#8221;#ffffff&#8221; background_image=&#8221;https:\/\/tobesl.com\/eng\/wp-content\/uploads\/2015\/06\/agua2.jpg&#8221; hover_enabled=&#8221;0&#8243; transparent_background=&#8221;off&#8221; global_colors_info=&#8221;{}&#8221; custom_margin=&#8221;50px||||false|false&#8221; sticky_enabled=&#8221;0&#8243;][et_pb_fullwidth_menu menu_id=&#8221;5&#8243; admin_label=&#8221;Fullwidth Menu&#8221; _builder_version=&#8221;4.16&#8243; background_color=&#8221;#0047b3&#8243; text_orientation=&#8221;center&#8221; background_layout=&#8221;dark&#8221; global_colors_info=&#8221;{}&#8221;][\/et_pb_fullwidth_menu][et_pb_fullwidth_header title=&#8221;SPRAYING NOZZLES TYPE CM 3\/8&#8243; content_max_width=&#8221;none&#8221; admin_label=&#8221;Fullwidth Header&#8221; _builder_version=&#8221;4.16&#8243; background_color=&#8221;rgba(255, 255, 255, 0)&#8221; background_layout=&#8221;light&#8221; global_colors_info=&#8221;{}&#8221; button_one_text_size__hover_enabled=&#8221;off&#8221; button_two_text_size__hover_enabled=&#8221;off&#8221; button_one_text_color__hover_enabled=&#8221;off&#8221; button_two_text_color__hover_enabled=&#8221;off&#8221; button_one_border_width__hover_enabled=&#8221;off&#8221; button_two_border_width__hover_enabled=&#8221;off&#8221; button_one_border_color__hover_enabled=&#8221;off&#8221; button_two_border_color__hover_enabled=&#8221;off&#8221; button_one_border_radius__hover_enabled=&#8221;off&#8221; button_two_border_radius__hover_enabled=&#8221;off&#8221; button_one_letter_spacing__hover_enabled=&#8221;off&#8221; button_two_letter_spacing__hover_enabled=&#8221;off&#8221; button_one_bg_color__hover_enabled=&#8221;off&#8221; button_two_bg_color__hover_enabled=&#8221;off&#8221;][\/et_pb_fullwidth_header][\/et_pb_section][et_pb_section fb_built=&#8221;1&#8243; _builder_version=&#8221;4.16&#8243; global_colors_info=&#8221;{}&#8221;][et_pb_row _builder_version=&#8221;4.16&#8243; background_size=&#8221;initial&#8221; background_position=&#8221;top_left&#8221; background_repeat=&#8221;repeat&#8221; global_colors_info=&#8221;{}&#8221;][et_pb_column type=&#8221;4_4&#8243; _builder_version=&#8221;4.16&#8243; custom_padding=&#8221;|||&#8221; global_colors_info=&#8221;{}&#8221; custom_padding__hover=&#8221;|||&#8221;][et_pb_text admin_label=&#8221;Text&#8221; _builder_version=&#8221;4.16&#8243; background_size=&#8221;initial&#8221; background_position=&#8221;top_left&#8221; background_repeat=&#8221;repeat&#8221; global_colors_info=&#8221;{}&#8221;]<\/p>\n<h2><strong>Flat spraying nozzle, used in the systems of refrigeration, cleaning and water curtain. Nipple and screw set up.<\/strong> Fitted by dovetail joint.<img loading=\"lazy\" decoding=\"async\" class=\"alignnone wp-image-33 size-medium\" src=\"https:\/\/tobesl.com\/eng\/wp-content\/uploads\/2015\/03\/barrita-300x1.jpg\" alt=\"barrita\" width=\"1200\" height=\"3\" data-id=\"33\" \/><\/h2>\n<p>[ezcol_1third]<img loading=\"lazy\" decoding=\"async\" class=\" alignleft wp-image-177\" src=\"https:\/\/tobesl.com\/eng\/wp-content\/uploads\/2015\/04\/TIPO-CM-38-FOTO-1-300x159.jpg\" alt=\"TIPO-CM-38-FOTO-1\" width=\"374\" height=\"198\" data-id=\"177\" \/>[\/ezcol_1third] [ezcol_2third_end]Usage: Washing, turning off, and refrigeration. Cleaning, washing and refrigeration of gas. For the request of adapted products, the following specifications are needed:<\/p>\n<p>&nbsp;<\/p>\n<p>\u2022 Material<\/p>\n<p>\u2022 Pulverization angle<\/p>\n<p>\u2022 Kind of nozzle<\/p>\n<p>\u2022 Ring<\/p>\n<p>\u2022 Flow (I\/min or I\/h)<\/p>\n<p>\u2022 Work pressure<\/p>\n<p>The nominal flow is pulverizating water in normal conditions in an aerial way.<\/p>\n<p><strong><a href=\"https:\/\/tobesl.com\/eng\/wp-content\/uploads\/2015\/04\/TYPE-CM381.pdf\" target=\"_blank\" rel=\"noopener\">DOWNLOAD PDF FOR IMPRESSION<\/a><\/strong>[\/ezcol_2third_end] <a href=\"https:\/\/tobesl.com\/eng\/wp-content\/uploads\/2015\/04\/CM38.jpg\"><img loading=\"lazy\" decoding=\"async\" class=\"size-full wp-image-540 aligncenter\" src=\"https:\/\/tobesl.com\/eng\/wp-content\/uploads\/2015\/04\/CM38.jpg\" alt=\"CM38\" width=\"658\" height=\"900\" srcset=\"http:\/\/tobesl.com\/eng\/wp-content\/uploads\/2015\/04\/CM38.jpg 658w, http:\/\/tobesl.com\/eng\/wp-content\/uploads\/2015\/04\/CM38-219x300.jpg 219w\" sizes=\"(max-width: 658px) 100vw, 658px\" \/><\/a><br \/>\n[\/et_pb_text][\/et_pb_column][\/et_pb_row][\/et_pb_section]<\/p>\n","protected":false},"excerpt":{"rendered":"<p>Flat spraying nozzle, used in the systems of refrigeration, cleaning and water curtain. Nipple and screw set up. Fitted by dovetail joint. [ezcol_1third][\/ezcol_1third] [ezcol_2third_end]Usage: Washing, turning off, and refrigeration. Cleaning, washing and refrigeration of gas. For the request of adapted products, the following specifications are needed: &nbsp; \u2022 Material \u2022 Pulverization angle \u2022 Kind of [&hellip;]<\/p>\n","protected":false},"author":4,"featured_media":0,"parent":0,"menu_order":0,"comment_status":"closed","ping_status":"closed","template":"","meta":{"_et_pb_use_builder":"on","_et_pb_old_content":"<h2>Boquilla de aspersi\u00f3n plana, de uso en sistemas de refrigeraci\u00f3n, limpieza y cortina de agua. Montaje con nipple y tuerca. Ajuste por cola de milano<\/h2><p><a href=\"http:\/\/maquinaria-para-la-madera.com\/tobe1\/wp-content\/uploads\/2015\/03\/barrita.jpg\"><img class=\"alignnone size-medium wp-image-33\" src=\"http:\/\/maquinaria-para-la-madera.com\/tobe1\/wp-content\/uploads\/2015\/03\/barrita-300x1.jpg\" alt=\"barrita\" width=\"1200\" height=\"3\" data-id=\"33\" \/><\/a><\/p><p><a href=\"http:\/\/maquinaria-para-la-madera.com\/tobe1\/wp-content\/uploads\/2015\/04\/TIPO-CM-38-FOTO-1.jpg\"><img class=\"  wp-image-177 alignleft\" src=\"http:\/\/maquinaria-para-la-madera.com\/tobe1\/wp-content\/uploads\/2015\/04\/TIPO-CM-38-FOTO-1-300x159.jpg\" alt=\"TIPO-CM-38-FOTO-1\" width=\"374\" height=\"198\" data-id=\"177\" \/><\/a>Utilizaci\u00f3n: Procesos de lavado, apagado y refrigeraci\u00f3n y limpieza, lavado y refrigeraci\u00f3n de gases.<br \/> Para solicitar productos adaptados a las necesidades del cliente necesitamos saber las especificaciones de la boquilla:<br \/> \u2022 Material<br \/> \u2022 \u00c1ngulo de pulverizaci\u00f3n<br \/> \u2022 Tipo de boquilla<br \/> \u2022 Rosca<br \/> \u2022 Caudal (I\/min o I\/h)<br \/> \u2022 Presi\u00f3n de trabajo<br \/> El caudal nominal es pulverizando agua a condiciones normales en medio a\u00e9reo.<\/p><p><a href=\"http:\/\/maquinaria-para-la-madera.com\/tobe1\/wp-content\/uploads\/2015\/04\/TIPO-CM-38-FOTO-2.jpg\"><img class=\"alignleft wp-image-179 size-full\" src=\"http:\/\/maquinaria-para-la-madera.com\/tobe1\/wp-content\/uploads\/2015\/04\/TIPO-CM-38-FOTO-2.jpg\" alt=\"TIPO-CM-38-FOTO-2\" width=\"560\" height=\"480\" data-id=\"179\" \/><\/a><a href=\"http:\/\/maquinaria-para-la-madera.com\/tobe1\/wp-content\/uploads\/2015\/04\/TIPO-CM-38-FOTO-3.jpg\"><img class=\"alignright wp-image-181 size-full\" src=\"http:\/\/maquinaria-para-la-madera.com\/tobe1\/wp-content\/uploads\/2015\/04\/TIPO-CM-38-FOTO-3.jpg\" alt=\"TIPO-CM-38-FOTO-3\" width=\"800\" height=\"500\" data-id=\"181\" \/><\/a><\/p>","_et_gb_content_width":"","footnotes":""},"class_list":["post-269","page","type-page","status-publish","hentry"],"_links":{"self":[{"href":"http:\/\/tobesl.com\/eng\/wp-json\/wp\/v2\/pages\/269","targetHints":{"allow":["GET"]}}],"collection":[{"href":"http:\/\/tobesl.com\/eng\/wp-json\/wp\/v2\/pages"}],"about":[{"href":"http:\/\/tobesl.com\/eng\/wp-json\/wp\/v2\/types\/page"}],"author":[{"embeddable":true,"href":"http:\/\/tobesl.com\/eng\/wp-json\/wp\/v2\/users\/4"}],"replies":[{"embeddable":true,"href":"http:\/\/tobesl.com\/eng\/wp-json\/wp\/v2\/comments?post=269"}],"version-history":[{"count":6,"href":"http:\/\/tobesl.com\/eng\/wp-json\/wp\/v2\/pages\/269\/revisions"}],"predecessor-version":[{"id":801,"href":"http:\/\/tobesl.com\/eng\/wp-json\/wp\/v2\/pages\/269\/revisions\/801"}],"wp:attachment":[{"href":"http:\/\/tobesl.com\/eng\/wp-json\/wp\/v2\/media?parent=269"}],"curies":[{"name":"wp","href":"https:\/\/api.w.org\/{rel}","templated":true}]}}