{"id":266,"date":"2015-04-21T08:02:34","date_gmt":"2015-04-21T08:02:34","guid":{"rendered":"http:\/\/maquinaria-para-la-madera.com\/tobe\/?page_id=168"},"modified":"2024-04-19T10:46:51","modified_gmt":"2024-04-19T10:46:51","slug":"spraying-nozzles-type-rt","status":"publish","type":"page","link":"http:\/\/tobesl.com\/eng\/spraying-nozzles-type-rt\/","title":{"rendered":"SPRAYING NOZZLES TYPE RT"},"content":{"rendered":"<p>[et_pb_section fb_built=&#8221;1&#8243; fullwidth=&#8221;on&#8221; _builder_version=&#8221;4.24.3&#8243; background_color=&#8221;#ffffff&#8221; background_image=&#8221;https:\/\/tobesl.com\/eng\/wp-content\/uploads\/2015\/06\/agua2.jpg&#8221; hover_enabled=&#8221;0&#8243; transparent_background=&#8221;off&#8221; global_colors_info=&#8221;{}&#8221; custom_margin=&#8221;50px||||false|false&#8221; sticky_enabled=&#8221;0&#8243;][et_pb_fullwidth_menu menu_id=&#8221;5&#8243; admin_label=&#8221;Fullwidth Menu&#8221; _builder_version=&#8221;4.16&#8243; background_color=&#8221;#0047b3&#8243; text_orientation=&#8221;center&#8221; background_layout=&#8221;dark&#8221; global_colors_info=&#8221;{}&#8221;][\/et_pb_fullwidth_menu][et_pb_fullwidth_header title=&#8221;SPRAYING NOZZLES TYPE RT&#8221; content_max_width=&#8221;none&#8221; admin_label=&#8221;Fullwidth Header&#8221; _builder_version=&#8221;4.16&#8243; background_color=&#8221;rgba(255, 255, 255, 0)&#8221; background_layout=&#8221;light&#8221; global_colors_info=&#8221;{}&#8221; button_one_text_size__hover_enabled=&#8221;off&#8221; button_two_text_size__hover_enabled=&#8221;off&#8221; button_one_text_color__hover_enabled=&#8221;off&#8221; button_two_text_color__hover_enabled=&#8221;off&#8221; button_one_border_width__hover_enabled=&#8221;off&#8221; button_two_border_width__hover_enabled=&#8221;off&#8221; button_one_border_color__hover_enabled=&#8221;off&#8221; button_two_border_color__hover_enabled=&#8221;off&#8221; button_one_border_radius__hover_enabled=&#8221;off&#8221; button_two_border_radius__hover_enabled=&#8221;off&#8221; button_one_letter_spacing__hover_enabled=&#8221;off&#8221; button_two_letter_spacing__hover_enabled=&#8221;off&#8221; button_one_bg_color__hover_enabled=&#8221;off&#8221; button_two_bg_color__hover_enabled=&#8221;off&#8221;][\/et_pb_fullwidth_header][\/et_pb_section][et_pb_section fb_built=&#8221;1&#8243; _builder_version=&#8221;4.16&#8243; global_colors_info=&#8221;{}&#8221;][et_pb_row _builder_version=&#8221;4.16&#8243; background_size=&#8221;initial&#8221; background_position=&#8221;top_left&#8221; background_repeat=&#8221;repeat&#8221; global_colors_info=&#8221;{}&#8221;][et_pb_column type=&#8221;4_4&#8243; _builder_version=&#8221;4.16&#8243; custom_padding=&#8221;|||&#8221; global_colors_info=&#8221;{}&#8221; custom_padding__hover=&#8221;|||&#8221;][et_pb_text admin_label=&#8221;Text&#8221; _builder_version=&#8221;4.16&#8243; background_size=&#8221;initial&#8221; background_position=&#8221;top_left&#8221; background_repeat=&#8221;repeat&#8221; global_colors_info=&#8221;{}&#8221;]<\/p>\n<h2><strong>Flat spraying nozzle, in the process of refrigeration, cleaning and water curtain.<\/strong><img loading=\"lazy\" decoding=\"async\" class=\"alignnone wp-image-33 size-medium\" src=\"https:\/\/tobesl.com\/eng\/wp-content\/uploads\/2015\/03\/barrita-300x1.jpg\" alt=\"barrita\" width=\"1200\" height=\"3\" data-id=\"33\" \/><\/h2>\n<p>[ezcol_1third]<img loading=\"lazy\" decoding=\"async\" class=\" alignleft wp-image-169\" src=\"https:\/\/tobesl.com\/eng\/wp-content\/uploads\/2015\/04\/TIPO-RT-FOTO-1-300x159.jpg\" alt=\"TIPO-RT-FOTO-1\" width=\"349\" height=\"185\" data-id=\"169\" \/>[\/ezcol_1third] [ezcol_2third_end]Usage: washing process, refrigerations, purification systems, dust control and turning off and coke refrigeration. For the request of adapted products, the following specifications are needed:<\/p>\n<p>\u2022 Material<\/p>\n<p>\u2022 Pulverization angle<\/p>\n<p>\u2022 Kind of nozzle<\/p>\n<p>\u2022 Ring<\/p>\n<p>\u2022 Flow (I\/min or I\/h)<\/p>\n<p>\u2022 Work pressure<\/p>\n<p>The nominal flow is pulverizating water in normal conditions in an aerial way.<\/p>\n<p><strong><a href=\"https:\/\/tobesl.com\/eng\/wp-content\/uploads\/2015\/04\/TYPE-RT1.pdf\" target=\"_blank\" rel=\"noopener\">DOWNLOAD PDF FOR IMPRESSION<\/a><\/strong>[\/ezcol_2third_end]<\/p>\n<p><a href=\"https:\/\/tobesl.com\/eng\/wp-content\/uploads\/2015\/04\/RT.jpg\"><img loading=\"lazy\" decoding=\"async\" class=\"size-full wp-image-536 aligncenter\" src=\"https:\/\/tobesl.com\/eng\/wp-content\/uploads\/2015\/04\/RT.jpg\" alt=\"RT\" width=\"658\" height=\"900\" srcset=\"http:\/\/tobesl.com\/eng\/wp-content\/uploads\/2015\/04\/RT.jpg 658w, http:\/\/tobesl.com\/eng\/wp-content\/uploads\/2015\/04\/RT-219x300.jpg 219w\" sizes=\"(max-width: 658px) 100vw, 658px\" \/><\/a><br \/>\n[\/et_pb_text][\/et_pb_column][\/et_pb_row][\/et_pb_section]<\/p>\n","protected":false},"excerpt":{"rendered":"<p>Flat spraying nozzle, in the process of refrigeration, cleaning and water curtain. [ezcol_1third][\/ezcol_1third] [ezcol_2third_end]Usage: washing process, refrigerations, purification systems, dust control and turning off and coke refrigeration. For the request of adapted products, the following specifications are needed: \u2022 Material \u2022 Pulverization angle \u2022 Kind of nozzle \u2022 Ring \u2022 Flow (I\/min or I\/h) \u2022 [&hellip;]<\/p>\n","protected":false},"author":4,"featured_media":0,"parent":0,"menu_order":0,"comment_status":"closed","ping_status":"closed","template":"","meta":{"_et_pb_use_builder":"on","_et_pb_old_content":"<h2>Boquilla de aspersi\u00f3n plana, de uso en sistemas de refrigeraci\u00f3n, limpieza y cortina de agua<\/h2><p><a href=\"http:\/\/maquinaria-para-la-madera.com\/tobe1\/wp-content\/uploads\/2015\/03\/barrita.jpg\"><img class=\"alignnone size-medium wp-image-33\" src=\"http:\/\/maquinaria-para-la-madera.com\/tobe1\/wp-content\/uploads\/2015\/03\/barrita-300x1.jpg\" alt=\"barrita\" width=\"1200\" height=\"3\" data-id=\"33\" \/><\/a><br \/> <a href=\"http:\/\/maquinaria-para-la-madera.com\/tobe1\/wp-content\/uploads\/2015\/04\/TIPO-RT-FOTO-1.jpg\"><img class=\"  wp-image-169 alignleft\" src=\"http:\/\/maquinaria-para-la-madera.com\/tobe1\/wp-content\/uploads\/2015\/04\/TIPO-RT-FOTO-1-300x159.jpg\" alt=\"TIPO-RT-FOTO-1\" width=\"349\" height=\"185\" data-id=\"169\" \/><\/a>Utilizaci\u00f3n: Procesos de lavado, refrigeraci\u00f3n, depuradoras, control del polvo y apagado y refrigeraci\u00f3n del coque.<br \/> Para solicitar productos adaptados a las necesidades del cliente necesitamos saber las especificaciones de la boquilla:<br \/> \u2022 Material<br \/> \u2022 \u00c1ngulo de pulverizaci\u00f3n<br \/> \u2022 Tipo de boquilla<br \/> \u2022 Rosca<br \/> \u2022 Caudal (I\/min o I\/h)<br \/> \u2022 Presi\u00f3n de trabajo<br \/> El caudal nominal es pulverizando agua a condiciones normales en medio a\u00e9reo.<br \/> <a href=\"http:\/\/maquinaria-para-la-madera.com\/tobe1\/wp-content\/uploads\/2015\/04\/TIPO-RT-FOTO-2.jpg\"><img class=\"alignleft wp-image-172 size-full\" src=\"http:\/\/maquinaria-para-la-madera.com\/tobe1\/wp-content\/uploads\/2015\/04\/TIPO-RT-FOTO-2.jpg\" alt=\"TIPO-RT-FOTO-2\" width=\"509\" height=\"253\" data-id=\"172\" \/><\/a><a href=\"http:\/\/maquinaria-para-la-madera.com\/tobe1\/wp-content\/uploads\/2015\/04\/TIPO-RT-FOTO-3.jpg\"><img class=\"alignright wp-image-173 size-full\" src=\"http:\/\/maquinaria-para-la-madera.com\/tobe1\/wp-content\/uploads\/2015\/04\/TIPO-RT-FOTO-3.jpg\" alt=\"TIPO-RT-FOTO-3\" width=\"355\" height=\"401\" data-id=\"173\" \/><\/a><\/p>","_et_gb_content_width":"","footnotes":""},"class_list":["post-266","page","type-page","status-publish","hentry"],"_links":{"self":[{"href":"http:\/\/tobesl.com\/eng\/wp-json\/wp\/v2\/pages\/266","targetHints":{"allow":["GET"]}}],"collection":[{"href":"http:\/\/tobesl.com\/eng\/wp-json\/wp\/v2\/pages"}],"about":[{"href":"http:\/\/tobesl.com\/eng\/wp-json\/wp\/v2\/types\/page"}],"author":[{"embeddable":true,"href":"http:\/\/tobesl.com\/eng\/wp-json\/wp\/v2\/users\/4"}],"replies":[{"embeddable":true,"href":"http:\/\/tobesl.com\/eng\/wp-json\/wp\/v2\/comments?post=266"}],"version-history":[{"count":7,"href":"http:\/\/tobesl.com\/eng\/wp-json\/wp\/v2\/pages\/266\/revisions"}],"predecessor-version":[{"id":800,"href":"http:\/\/tobesl.com\/eng\/wp-json\/wp\/v2\/pages\/266\/revisions\/800"}],"wp:attachment":[{"href":"http:\/\/tobesl.com\/eng\/wp-json\/wp\/v2\/media?parent=266"}],"curies":[{"name":"wp","href":"https:\/\/api.w.org\/{rel}","templated":true}]}}